{"id":6834,"date":"2025-01-16T12:41:02","date_gmt":"2025-01-16T11:41:02","guid":{"rendered":"https:\/\/www.lfabrica.sk\/?page_id=6834"},"modified":"2025-01-16T17:11:01","modified_gmt":"2025-01-16T16:11:01","slug":"granty","status":"publish","type":"page","link":"https:\/\/www.lfabrica.sk\/en\/granty\/","title":{"rendered":"GRANTY"},"content":{"rendered":"<div data-elementor-type=\"wp-page\" data-elementor-id=\"6834\" class=\"elementor elementor-6834\" data-elementor-settings=\"[]\">\n\t\t\t\t\t\t<div class=\"elementor-inner\">\n\t\t\t\t\t\t\t<div class=\"elementor-section-wrap\">\n\t\t\t\t\t\t\t<section class=\"elementor-section elementor-top-section elementor-element elementor-element-62119f96 elementor-section-boxed elementor-section-height-default elementor-section-height-default\" data-id=\"62119f96\" data-element_type=\"section\" data-settings=\"{&quot;background_background&quot;:&quot;classic&quot;}\">\n\t\t\t\t\t\t<div class=\"elementor-container elementor-column-gap-wide\">\n\t\t\t\t\t\t\t<div class=\"elementor-row\">\n\t\t\t\t\t<div class=\"elementor-column elementor-col-100 elementor-top-column elementor-element elementor-element-ce53190\" data-id=\"ce53190\" data-element_type=\"column\">\n\t\t\t<div class=\"elementor-column-wrap elementor-element-populated\">\n\t\t\t\t\t\t\t<div class=\"elementor-widget-wrap\">\n\t\t\t\t\t\t<div class=\"elementor-element elementor-element-840557e elementor-widget elementor-widget-heading\" data-id=\"840557e\" data-element_type=\"widget\" data-widget_type=\"heading.default\">\n\t\t\t\t<div class=\"elementor-widget-container\">\n\t\t\t<h2 class=\"elementor-heading-title elementor-size-default\">GRANTY<\/h2>\t\t<\/div>\n\t\t\t\t<\/div>\n\t\t\t\t\t\t<\/div>\n\t\t\t\t\t<\/div>\n\t\t<\/div>\n\t\t\t\t\t\t\t\t<\/div>\n\t\t\t\t\t<\/div>\n\t\t<\/section>\n\t\t\t\t<section class=\"elementor-section elementor-top-section elementor-element elementor-element-ad7e852 elementor-section-boxed elementor-section-height-default elementor-section-height-default\" data-id=\"ad7e852\" data-element_type=\"section\">\n\t\t\t\t\t\t<div class=\"elementor-container elementor-column-gap-default\">\n\t\t\t\t\t\t\t<div class=\"elementor-row\">\n\t\t\t\t\t<div class=\"elementor-column elementor-col-100 elementor-top-column elementor-element elementor-element-e75c7bf\" data-id=\"e75c7bf\" data-element_type=\"column\">\n\t\t\t<div class=\"elementor-column-wrap elementor-element-populated\">\n\t\t\t\t\t\t\t<div class=\"elementor-widget-wrap\">\n\t\t\t\t\t\t<div class=\"elementor-element elementor-element-8841318 elementor-widget elementor-widget-image\" data-id=\"8841318\" data-element_type=\"widget\" data-widget_type=\"image.default\">\n\t\t\t\t<div class=\"elementor-widget-container\">\n\t\t\t\t\t<div class=\"elementor-image\">\n\t\t\t\t\t\t\t\t\t\t<img width=\"1024\" height=\"576\" src=\"https:\/\/www.lfabrica.sk\/wp-content\/uploads\/2025\/01\/publicita_DP_LFabrica-1024x576.jpg\" class=\"attachment-large size-large\" alt=\"\" loading=\"lazy\" srcset=\"https:\/\/www.lfabrica.sk\/wp-content\/uploads\/2025\/01\/publicita_DP_LFabrica-1024x576.jpg 1024w, https:\/\/www.lfabrica.sk\/wp-content\/uploads\/2025\/01\/publicita_DP_LFabrica-512x288.jpg 512w, https:\/\/www.lfabrica.sk\/wp-content\/uploads\/2025\/01\/publicita_DP_LFabrica-768x432.jpg 768w, https:\/\/www.lfabrica.sk\/wp-content\/uploads\/2025\/01\/publicita_DP_LFabrica-16x9.jpg 16w, https:\/\/www.lfabrica.sk\/wp-content\/uploads\/2025\/01\/publicita_DP_LFabrica.jpg 1280w\" sizes=\"(max-width: 1024px) 100vw, 1024px\" \/>\t\t\t\t\t\t\t\t\t\t\t<\/div>\n\t\t\t\t<\/div>\n\t\t\t\t<\/div>\n\t\t\t\t<div class=\"elementor-element elementor-element-b9289ef elementor-widget elementor-widget-text-editor\" data-id=\"b9289ef\" data-element_type=\"widget\" data-widget_type=\"text-editor.default\">\n\t\t\t\t<div class=\"elementor-widget-container\">\n\t\t\t\t\t<div class=\"elementor-text-editor elementor-clearfix\"><p>N\u00e1vrh implement\u00e1cie prvkov umelej inteligencie do v\u00fdrobn\u00e9ho procesu<\/p><\/div>\n\t\t\t\t<\/div>\n\t\t\t\t<\/div>\n\t\t\t\t<div class=\"elementor-element elementor-element-07f1f77 elementor-widget elementor-widget-image\" data-id=\"07f1f77\" data-element_type=\"widget\" data-widget_type=\"image.default\">\n\t\t\t\t<div class=\"elementor-widget-container\">\n\t\t\t\t\t<div class=\"elementor-image\">\n\t\t\t\t\t\t\t\t\t\t<img width=\"1024\" height=\"576\" src=\"https:\/\/www.lfabrica.sk\/wp-content\/uploads\/2025\/01\/publicita_IP_LFABRICA-1024x576.jpg\" class=\"attachment-large size-large\" alt=\"\" loading=\"lazy\" srcset=\"https:\/\/www.lfabrica.sk\/wp-content\/uploads\/2025\/01\/publicita_IP_LFABRICA-1024x576.jpg 1024w, https:\/\/www.lfabrica.sk\/wp-content\/uploads\/2025\/01\/publicita_IP_LFABRICA-512x288.jpg 512w, https:\/\/www.lfabrica.sk\/wp-content\/uploads\/2025\/01\/publicita_IP_LFABRICA-768x432.jpg 768w, https:\/\/www.lfabrica.sk\/wp-content\/uploads\/2025\/01\/publicita_IP_LFABRICA-16x9.jpg 16w, https:\/\/www.lfabrica.sk\/wp-content\/uploads\/2025\/01\/publicita_IP_LFABRICA.jpg 1280w\" sizes=\"(max-width: 1024px) 100vw, 1024px\" \/>\t\t\t\t\t\t\t\t\t\t\t<\/div>\n\t\t\t\t<\/div>\n\t\t\t\t<\/div>\n\t\t\t\t<div class=\"elementor-element elementor-element-c3f38e8 elementor-widget elementor-widget-text-editor\" data-id=\"c3f38e8\" data-element_type=\"widget\" data-widget_type=\"text-editor.default\">\n\t\t\t\t<div class=\"elementor-widget-container\">\n\t\t\t\t\t<div class=\"elementor-text-editor elementor-clearfix\"><p>Inov\u00e1cia produktu pr\u00edbehov\u00fdch text\u00edli\u00ed<\/p><\/div>\n\t\t\t\t<\/div>\n\t\t\t\t<\/div>\n\t\t\t\t\t\t<\/div>\n\t\t\t\t\t<\/div>\n\t\t<\/div>\n\t\t\t\t\t\t\t\t<\/div>\n\t\t\t\t\t<\/div>\n\t\t<\/section>\n\t\t\t\t<section class=\"elementor-section elementor-top-section elementor-element elementor-element-f7bc971 contact-section elementor-section-boxed elementor-section-height-default elementor-section-height-default\" data-id=\"f7bc971\" data-element_type=\"section\" data-settings=\"{&quot;background_background&quot;:&quot;classic&quot;}\">\n\t\t\t\t\t\t<div class=\"elementor-container elementor-column-gap-wide\">\n\t\t\t\t\t\t\t<div class=\"elementor-row\">\n\t\t\t\t\t<div class=\"elementor-column elementor-col-33 elementor-top-column elementor-element elementor-element-a69070a\" data-id=\"a69070a\" data-element_type=\"column\">\n\t\t\t<div class=\"elementor-column-wrap elementor-element-populated\">\n\t\t\t\t\t\t\t<div class=\"elementor-widget-wrap\">\n\t\t\t\t\t\t<div class=\"elementor-element elementor-element-7744a44 elementor-widget__width-auto elementor-view-default elementor-widget elementor-widget-icon\" data-id=\"7744a44\" data-element_type=\"widget\" data-widget_type=\"icon.default\">\n\t\t\t\t<div class=\"elementor-widget-container\">\n\t\t\t\t\t<div class=\"elementor-icon-wrapper\">\n\t\t\t<div class=\"elementor-icon\">\n\t\t\t<i aria-hidden=\"true\" class=\"fas fa-phone-alt\"><\/i>\t\t\t<\/div>\n\t\t<\/div>\n\t\t\t\t<\/div>\n\t\t\t\t<\/div>\n\t\t\t\t<div class=\"elementor-element elementor-element-888850b p-no-margin elementor-widget__width-auto elementor-widget elementor-widget-text-editor\" data-id=\"888850b\" data-element_type=\"widget\" data-widget_type=\"text-editor.default\">\n\t\t\t\t<div class=\"elementor-widget-container\">\n\t\t\t\t\t<div class=\"elementor-text-editor elementor-clearfix\"><p>+421 905 235 226<br \/>+421 41 562 20 81<br \/><br \/><\/p><\/div>\n\t\t\t\t<\/div>\n\t\t\t\t<\/div>\n\t\t\t\t<div class=\"elementor-element elementor-element-df29084 elementor-widget elementor-widget-spacer\" data-id=\"df29084\" data-element_type=\"widget\" data-widget_type=\"spacer.default\">\n\t\t\t\t<div class=\"elementor-widget-container\">\n\t\t\t\t\t<div class=\"elementor-spacer\">\n\t\t\t<div class=\"elementor-spacer-inner\"><\/div>\n\t\t<\/div>\n\t\t\t\t<\/div>\n\t\t\t\t<\/div>\n\t\t\t\t<div class=\"elementor-element elementor-element-356ab8c elementor-widget__width-auto elementor-view-default elementor-widget elementor-widget-icon\" data-id=\"356ab8c\" data-element_type=\"widget\" data-widget_type=\"icon.default\">\n\t\t\t\t<div class=\"elementor-widget-container\">\n\t\t\t\t\t<div class=\"elementor-icon-wrapper\">\n\t\t\t<div class=\"elementor-icon\">\n\t\t\t<i aria-hidden=\"true\" class=\"far fa-envelope\"><\/i>\t\t\t<\/div>\n\t\t<\/div>\n\t\t\t\t<\/div>\n\t\t\t\t<\/div>\n\t\t\t\t<div class=\"elementor-element elementor-element-fbdc302 p-no-margin elementor-widget__width-auto elementor-widget elementor-widget-text-editor\" data-id=\"fbdc302\" data-element_type=\"widget\" data-widget_type=\"text-editor.default\">\n\t\t\t\t<div class=\"elementor-widget-container\">\n\t\t\t\t\t<div class=\"elementor-text-editor elementor-clearfix\"><p>info@lfabrica.sk<\/p><\/div>\n\t\t\t\t<\/div>\n\t\t\t\t<\/div>\n\t\t\t\t\t\t<\/div>\n\t\t\t\t\t<\/div>\n\t\t<\/div>\n\t\t\t\t<div class=\"elementor-column elementor-col-33 elementor-top-column elementor-element elementor-element-4521b71\" data-id=\"4521b71\" data-element_type=\"column\">\n\t\t\t<div class=\"elementor-column-wrap elementor-element-populated\">\n\t\t\t\t\t\t\t<div class=\"elementor-widget-wrap\">\n\t\t\t\t\t\t<div class=\"elementor-element elementor-element-1b18554 elementor-widget__width-auto elementor-view-default elementor-widget elementor-widget-icon\" data-id=\"1b18554\" data-element_type=\"widget\" data-widget_type=\"icon.default\">\n\t\t\t\t<div class=\"elementor-widget-container\">\n\t\t\t\t\t<div class=\"elementor-icon-wrapper\">\n\t\t\t<div class=\"elementor-icon\">\n\t\t\t<i aria-hidden=\"true\" class=\"fas fa-home\"><\/i>\t\t\t<\/div>\n\t\t<\/div>\n\t\t\t\t<\/div>\n\t\t\t\t<\/div>\n\t\t\t\t<div class=\"elementor-element elementor-element-b37843d p-no-margin elementor-widget__width-auto elementor-widget elementor-widget-text-editor\" data-id=\"b37843d\" data-element_type=\"widget\" data-widget_type=\"text-editor.default\">\n\t\t\t\t<div class=\"elementor-widget-container\">\n\t\t\t\t\t<div class=\"elementor-text-editor elementor-clearfix\"><p>Bratislavsk\u00e1 31<br \/>010 01 \u017dilina<br \/>Slovak Republic<\/p><\/div>\n\t\t\t\t<\/div>\n\t\t\t\t<\/div>\n\t\t\t\t<div class=\"elementor-element elementor-element-a3e5ea1 elementor-widget elementor-widget-spacer\" data-id=\"a3e5ea1\" data-element_type=\"widget\" data-widget_type=\"spacer.default\">\n\t\t\t\t<div class=\"elementor-widget-container\">\n\t\t\t\t\t<div class=\"elementor-spacer\">\n\t\t\t<div class=\"elementor-spacer-inner\"><\/div>\n\t\t<\/div>\n\t\t\t\t<\/div>\n\t\t\t\t<\/div>\n\t\t\t\t<div class=\"elementor-element elementor-element-137c900 elementor-widget__width-auto elementor-view-default elementor-widget elementor-widget-icon\" data-id=\"137c900\" data-element_type=\"widget\" data-widget_type=\"icon.default\">\n\t\t\t\t<div class=\"elementor-widget-container\">\n\t\t\t\t\t<div class=\"elementor-icon-wrapper\">\n\t\t\t<a class=\"elementor-icon\" href=\"https:\/\/www.instagram.com\/lfabrica.eu\/\" target=\"_blank\">\n\t\t\t<i aria-hidden=\"true\" class=\"fab fa-instagram\"><\/i>\t\t\t<\/a>\n\t\t<\/div>\n\t\t\t\t<\/div>\n\t\t\t\t<\/div>\n\t\t\t\t<div class=\"elementor-element elementor-element-172e3f4 p-no-margin elementor-widget__width-auto elementor-widget elementor-widget-text-editor\" data-id=\"172e3f4\" data-element_type=\"widget\" data-widget_type=\"text-editor.default\">\n\t\t\t\t<div class=\"elementor-widget-container\">\n\t\t\t\t\t<div class=\"elementor-text-editor elementor-clearfix\"><p><a href=\"https:\/\/www.instagram.com\/lfabrica.eu\/\" target=\"_blank\" rel=\"noopener\">@lfabrica.eu<\/a><\/p><\/div>\n\t\t\t\t<\/div>\n\t\t\t\t<\/div>\n\t\t\t\t\t\t<\/div>\n\t\t\t\t\t<\/div>\n\t\t<\/div>\n\t\t\t\t<div class=\"elementor-column elementor-col-33 elementor-top-column elementor-element elementor-element-99551f3\" data-id=\"99551f3\" data-element_type=\"column\">\n\t\t\t<div class=\"elementor-column-wrap\">\n\t\t\t\t\t\t\t<div class=\"elementor-widget-wrap\">\n\t\t\t\t\t\t\t\t<\/div>\n\t\t\t\t\t<\/div>\n\t\t<\/div>\n\t\t\t\t\t\t\t\t<\/div>\n\t\t\t\t\t<\/div>\n\t\t<\/section>\n\t\t\t\t\t\t<\/div>\n\t\t\t\t\t\t<\/div>\n\t\t\t\t\t<\/div>","protected":false},"excerpt":{"rendered":"<p>GRANTY N\u00e1vrh implement\u00e1cie prvkov umelej inteligencie do v\u00fdrobn\u00e9ho procesu Inov\u00e1cia produktu pr\u00edbehov\u00fdch text\u00edli\u00ed +421 905 235 226+421 41 562 20 81 info@lfabrica.sk Bratislavsk\u00e1 31010 01 \u017dilinaSlovak Republic @lfabrica.eu<\/p>","protected":false},"author":2,"featured_media":0,"parent":0,"menu_order":0,"comment_status":"closed","ping_status":"closed","template":"","meta":[],"yoast_head":"<!-- This site is optimized with the Yoast SEO plugin v15.5 - https:\/\/yoast.com\/wordpress\/plugins\/seo\/ -->\n<title>GRANTY | L&#039;FABRICA<\/title>\n<meta name=\"robots\" content=\"index, follow, max-snippet:-1, max-image-preview:large, max-video-preview:-1\" \/>\n<link rel=\"canonical\" href=\"https:\/\/www.lfabrica.sk\/en\/granty\/\" \/>\n<meta property=\"og:locale\" content=\"en_GB\" \/>\n<meta property=\"og:type\" content=\"article\" \/>\n<meta property=\"og:title\" content=\"GRANTY | L&#039;FABRICA\" \/>\n<meta property=\"og:description\" content=\"GRANTY N\u00e1vrh implement\u00e1cie prvkov umelej inteligencie do v\u00fdrobn\u00e9ho procesu Inov\u00e1cia produktu pr\u00edbehov\u00fdch text\u00edli\u00ed +421 905 235 226+421 41 562 20 81 info@lfabrica.sk Bratislavsk\u00e1 31010 01 \u017dilinaSlovak Republic @lfabrica.eu\" \/>\n<meta property=\"og:url\" content=\"https:\/\/www.lfabrica.sk\/en\/granty\/\" \/>\n<meta property=\"og:site_name\" content=\"L&#039;FABRICA\" \/>\n<meta property=\"article:modified_time\" content=\"2025-01-16T16:11:01+00:00\" \/>\n<meta property=\"og:image\" content=\"https:\/\/www.lfabrica.sk\/wp-content\/uploads\/2025\/01\/publicita_DP_LFabrica-1024x576.jpg\" \/>\n<meta name=\"twitter:card\" content=\"summary_large_image\" \/>\n<meta name=\"twitter:label1\" content=\"Estimated reading time\">\n\t<meta name=\"twitter:data1\" content=\"0 minutes\">\n<script type=\"application\/ld+json\" class=\"yoast-schema-graph\">{\"@context\":\"https:\/\/schema.org\",\"@graph\":[{\"@type\":\"Organization\",\"@id\":\"https:\/\/www.lfabrica.sk\/#organization\",\"name\":\"L'FABRICA\",\"url\":\"https:\/\/www.lfabrica.sk\/\",\"sameAs\":[],\"logo\":{\"@type\":\"ImageObject\",\"@id\":\"https:\/\/www.lfabrica.sk\/#logo\",\"inLanguage\":\"en-GB\",\"url\":\"https:\/\/www.lfabrica.sk\/wp-content\/uploads\/2020\/08\/logo_lfabrica_simple.png\",\"width\":1024,\"height\":418,\"caption\":\"L'FABRICA\"},\"image\":{\"@id\":\"https:\/\/www.lfabrica.sk\/#logo\"}},{\"@type\":\"WebSite\",\"@id\":\"https:\/\/www.lfabrica.sk\/#website\",\"url\":\"https:\/\/www.lfabrica.sk\/\",\"name\":\"L&#039;FABRICA\",\"description\":\"Your creative production house\",\"publisher\":{\"@id\":\"https:\/\/www.lfabrica.sk\/#organization\"},\"potentialAction\":[{\"@type\":\"SearchAction\",\"target\":\"https:\/\/www.lfabrica.sk\/?s={search_term_string}\",\"query-input\":\"required name=search_term_string\"}],\"inLanguage\":\"en-GB\"},{\"@type\":\"ImageObject\",\"@id\":\"https:\/\/www.lfabrica.sk\/granty\/#primaryimage\",\"inLanguage\":\"en-GB\",\"url\":\"https:\/\/www.lfabrica.sk\/wp-content\/uploads\/2025\/01\/publicita_DP_LFabrica.jpg\",\"width\":1280,\"height\":720},{\"@type\":\"WebPage\",\"@id\":\"https:\/\/www.lfabrica.sk\/granty\/#webpage\",\"url\":\"https:\/\/www.lfabrica.sk\/granty\/\",\"name\":\"GRANTY | L&#039;FABRICA\",\"isPartOf\":{\"@id\":\"https:\/\/www.lfabrica.sk\/#website\"},\"primaryImageOfPage\":{\"@id\":\"https:\/\/www.lfabrica.sk\/granty\/#primaryimage\"},\"datePublished\":\"2025-01-16T11:41:02+00:00\",\"dateModified\":\"2025-01-16T16:11:01+00:00\",\"inLanguage\":\"en-GB\",\"potentialAction\":[{\"@type\":\"ReadAction\",\"target\":[\"https:\/\/www.lfabrica.sk\/granty\/\"]}]}]}<\/script>\n<!-- \/ Yoast SEO plugin. -->","_links":{"self":[{"href":"https:\/\/www.lfabrica.sk\/en\/wp-json\/wp\/v2\/pages\/6834"}],"collection":[{"href":"https:\/\/www.lfabrica.sk\/en\/wp-json\/wp\/v2\/pages"}],"about":[{"href":"https:\/\/www.lfabrica.sk\/en\/wp-json\/wp\/v2\/types\/page"}],"author":[{"embeddable":true,"href":"https:\/\/www.lfabrica.sk\/en\/wp-json\/wp\/v2\/users\/2"}],"replies":[{"embeddable":true,"href":"https:\/\/www.lfabrica.sk\/en\/wp-json\/wp\/v2\/comments?post=6834"}],"version-history":[{"count":27,"href":"https:\/\/www.lfabrica.sk\/en\/wp-json\/wp\/v2\/pages\/6834\/revisions"}],"predecessor-version":[{"id":6882,"href":"https:\/\/www.lfabrica.sk\/en\/wp-json\/wp\/v2\/pages\/6834\/revisions\/6882"}],"wp:attachment":[{"href":"https:\/\/www.lfabrica.sk\/en\/wp-json\/wp\/v2\/media?parent=6834"}],"curies":[{"name":"wp","href":"https:\/\/api.w.org\/{rel}","templated":true}]}}